{"id":126,"date":"2025-10-26T06:18:48","date_gmt":"2025-10-26T06:18:48","guid":{"rendered":"https:\/\/test.8erwassereck.de\/?page_id=126"},"modified":"2026-03-25T14:51:41","modified_gmt":"2026-03-25T14:51:41","slug":"sommerkueche","status":"publish","type":"page","link":"https:\/\/8erwassereck.de\/?page_id=126","title":{"rendered":"Sommerk\u00fcche"},"content":{"rendered":"\n<p><strong>Herzlich willkommen auf den Seiten der Sommerk\u00fcche.<\/strong><\/p>\n\n\n\n<div class=\"wp-block-buttons is-layout-flex wp-block-buttons-is-layout-flex\">\n<div class=\"wp-block-button\"><a class=\"wp-block-button__link wp-element-button\" href=\"https:\/\/8erwassereck.de\/?page_id=229\">Angebot<\/a><\/div>\n\n\n\n<div class=\"wp-block-button\"><a class=\"wp-block-button__link wp-element-button\" href=\"https:\/\/8erwassereck.de\/?page_id=260\">Markttermine<\/a><\/div>\n\n\n\n<div class=\"wp-block-button\"><a class=\"wp-block-button__link wp-element-button\" href=\"https:\/\/8erwassereck.de\/?page_id=229\">Bestellung<\/a><\/div>\n<\/div>\n\n\n\n<p>Gutes, ohne unn\u00f6tige Zus\u00e4tze, zu kochen, das habe ich mir seit Jahren auf die Fahne geschrieben. <\/p>\n\n\n\n<p>Hochwertige Zutaten, oft aus dem eigenen Garten, werden liebevoll zu E\u00dfbarem verarbeitet und die Ideen rei\u00dfen nicht ab&#8230; \ud83d\ude09<\/p>\n\n\n\n<p class=\"has-dark-gray-color has-text-color has-link-color has-medium-font-size wp-elements-6eb59b3e33cf3730ccb80dc645a62f70\">Ihr findet mich auf verschiedenen <a href=\"https:\/\/8erwassereck.de\/?page_id=260\" data-type=\"page\" data-id=\"260\">M\u00e4rkten<\/a> aber auch in <strong>D\u00f6rfles-Esbach in der Hohen Str. 26<\/strong>. Dort haben meine Tochter und ich ein kleines L\u00e4dchen, <strong>&#8222;Schrankgefl\u00fcster&#8220;<\/strong>, in unserem Keller eingerichtet, der gut von au\u00dfen zu erreichen ist.<\/p>\n\n\n\n<p class=\"has-light-gray-background-color has-text-color has-background has-link-color has-large-font-size wp-elements-d9e745594919693052df67181e5b04ac\" style=\"color:#ca190d\"><strong>\u00d6ffnungszeiten:<\/strong><\/p>\n\n\n\n<p class=\"has-medium-font-size\"><strong>Freitags, ab 28.02.26, von 13-17 Uhr<\/strong>, sind wir immer f\u00fcr euch da! Ansonsten gerne auf Absprache unter den unten genannten Kommunikationsanschl\u00fcssen, traut euch!<\/p>\n\n\n\n<p class=\"has-text-color has-link-color has-medium-font-size wp-elements-b970b25ce0614b31d04dfc08d4fbc8b1\" style=\"color:#b11a0f\"><strong>Aus dem Fr\u00fcchten des Sommers werden im Herbst s\u00fc\u00dfe Tr\u00e4ume gekocht<\/strong>!<\/p>\n\n\n\n<div class=\"wp-block-group alignfull has-background-color has-white-color has-black-background-color has-text-color has-background has-link-color wp-elements-ed11f759aeb49eb660f6cabf4abb838f is-vertical is-content-justification-stretch is-layout-flex wp-container-core-group-is-layout-47eb2bc5 wp-block-group-is-layout-flex\" style=\"min-height:40vh;margin-top:0;margin-bottom:0;padding-top:var(--wp--preset--spacing--60);padding-right:var(--wp--preset--spacing--40);padding-bottom:var(--wp--preset--spacing--60);padding-left:var(--wp--preset--spacing--40)\">\n<div class=\"wp-block-columns alignwide has-small-font-size is-layout-flex wp-container-core-columns-is-layout-9d6595d7 wp-block-columns-is-layout-flex\">\n<div class=\"wp-block-column is-layout-flow wp-block-column-is-layout-flow\">\n<p class=\"has-text-align-center\">Ladenkeller<\/p>\n\n\n\n<p class=\"has-text-align-center\">Hohe Str. 26<\/p>\n\n\n\n<p class=\"has-text-align-center\">96487 D\u00f6rfles-Esbach<\/p>\n\n\n\n<div style=\"height:24px\" aria-hidden=\"true\" class=\"wp-block-spacer\"><\/div>\n<\/div>\n\n\n\n<div class=\"wp-block-column is-layout-flow wp-block-column-is-layout-flow\">\n<p class=\"has-text-align-center\">Kontakt<\/p>\n\n\n\n<p class=\"has-text-align-center\">09561 63862<\/p>\n\n\n\n<p class=\"has-text-align-center\">0170 4823203 Hanne Geiger<\/p>\n\n\n\n<p class=\"has-text-align-center\">0173 1611152 Franziska Luther<\/p>\n\n\n\n<p class=\"has-text-align-center\">info@8erwassereck.de<\/p>\n\n\n\n<div style=\"height:24px\" aria-hidden=\"true\" class=\"wp-block-spacer\"><\/div>\n<\/div>\n\n\n\n<div class=\"wp-block-column is-layout-flow wp-block-column-is-layout-flow\">\n<p class=\"has-text-align-center\">Folge uns<\/p>\n\n\n\n<div class=\"wp-block-group is-vertical is-content-justification-center is-layout-flex wp-container-core-group-is-layout-bdd043ae wp-block-group-is-layout-flex\">\n<p><a href=\"https:\/\/www.facebook.com\/AusderSommerkueche\/\">Facebook<\/a><\/p>\n\n\n\n<p><a href=\"#\">Instagram<\/a><\/p>\n\n\n\n<p><\/p>\n<\/div>\n\n\n\n<div style=\"height:24px\" aria-hidden=\"true\" class=\"wp-block-spacer\"><\/div>\n<\/div>\n<\/div>\n<\/div>\n","protected":false},"excerpt":{"rendered":"<p>Herzlich willkommen auf den Seiten der Sommerk\u00fcche. Gutes, ohne unn\u00f6tige Zus\u00e4tze, zu kochen, das habe ich mir seit Jahren auf<\/p>\n","protected":false},"author":1,"featured_media":383,"parent":0,"menu_order":0,"comment_status":"closed","ping_status":"closed","template":"","meta":{"footnotes":""},"class_list":["post-126","page","type-page","status-publish","has-post-thumbnail","hentry"],"_links":{"self":[{"href":"https:\/\/8erwassereck.de\/index.php?rest_route=\/wp\/v2\/pages\/126","targetHints":{"allow":["GET"]}}],"collection":[{"href":"https:\/\/8erwassereck.de\/index.php?rest_route=\/wp\/v2\/pages"}],"about":[{"href":"https:\/\/8erwassereck.de\/index.php?rest_route=\/wp\/v2\/types\/page"}],"author":[{"embeddable":true,"href":"https:\/\/8erwassereck.de\/index.php?rest_route=\/wp\/v2\/users\/1"}],"replies":[{"embeddable":true,"href":"https:\/\/8erwassereck.de\/index.php?rest_route=%2Fwp%2Fv2%2Fcomments&post=126"}],"version-history":[{"count":15,"href":"https:\/\/8erwassereck.de\/index.php?rest_route=\/wp\/v2\/pages\/126\/revisions"}],"predecessor-version":[{"id":348,"href":"https:\/\/8erwassereck.de\/index.php?rest_route=\/wp\/v2\/pages\/126\/revisions\/348"}],"wp:featuredmedia":[{"embeddable":true,"href":"https:\/\/8erwassereck.de\/index.php?rest_route=\/wp\/v2\/media\/383"}],"wp:attachment":[{"href":"https:\/\/8erwassereck.de\/index.php?rest_route=%2Fwp%2Fv2%2Fmedia&parent=126"}],"curies":[{"name":"wp","href":"https:\/\/api.w.org\/{rel}","templated":true}]}}