{"id":185,"date":"2025-12-05T11:16:47","date_gmt":"2025-12-05T11:16:47","guid":{"rendered":"https:\/\/test.8erwassereck.de\/?page_id=185"},"modified":"2026-04-12T14:56:59","modified_gmt":"2026-04-12T14:56:59","slug":"angebote","status":"publish","type":"page","link":"https:\/\/8erwassereck.de\/?page_id=185","title":{"rendered":"Angebote"},"content":{"rendered":"\n<blockquote class=\"wp-block-quote is-layout-flow wp-block-quote-is-layout-flow\">\n<p class=\"has-medium-font-size\"><strong>Folgendes Kurztrip-Angebot haben wir f\u00fcr euch:<\/strong><\/p>\n\n\n\n<p class=\"has-medium-font-size\">26.06.-29.06.26 statt 620 \u20ac f\u00fcr 4 Personen (ohne W\u00e4sche + evtl. Fellnase) <strong>f\u00fcr 499 \u20ac<\/strong><\/p>\n\n\n\n<p><\/p>\n\n\n\n<p>Anfragen unter i<a href=\"mailto:nfo@8erwassereck.de\">nfo@8erwassereck.de<\/a><\/p>\n<\/blockquote>\n\n\n\n<p><\/p>\n","protected":false},"excerpt":{"rendered":"<p>Folgendes Kurztrip-Angebot haben wir f\u00fcr euch: 26.06.-29.06.26 statt 620 \u20ac f\u00fcr 4 Personen (ohne W\u00e4sche + evtl. Fellnase) f\u00fcr 499<\/p>\n","protected":false},"author":1,"featured_media":95,"parent":0,"menu_order":0,"comment_status":"closed","ping_status":"closed","template":"","meta":{"footnotes":""},"class_list":["post-185","page","type-page","status-publish","has-post-thumbnail","hentry"],"_links":{"self":[{"href":"https:\/\/8erwassereck.de\/index.php?rest_route=\/wp\/v2\/pages\/185","targetHints":{"allow":["GET"]}}],"collection":[{"href":"https:\/\/8erwassereck.de\/index.php?rest_route=\/wp\/v2\/pages"}],"about":[{"href":"https:\/\/8erwassereck.de\/index.php?rest_route=\/wp\/v2\/types\/page"}],"author":[{"embeddable":true,"href":"https:\/\/8erwassereck.de\/index.php?rest_route=\/wp\/v2\/users\/1"}],"replies":[{"embeddable":true,"href":"https:\/\/8erwassereck.de\/index.php?rest_route=%2Fwp%2Fv2%2Fcomments&post=185"}],"version-history":[{"count":13,"href":"https:\/\/8erwassereck.de\/index.php?rest_route=\/wp\/v2\/pages\/185\/revisions"}],"predecessor-version":[{"id":415,"href":"https:\/\/8erwassereck.de\/index.php?rest_route=\/wp\/v2\/pages\/185\/revisions\/415"}],"wp:featuredmedia":[{"embeddable":true,"href":"https:\/\/8erwassereck.de\/index.php?rest_route=\/wp\/v2\/media\/95"}],"wp:attachment":[{"href":"https:\/\/8erwassereck.de\/index.php?rest_route=%2Fwp%2Fv2%2Fmedia&parent=185"}],"curies":[{"name":"wp","href":"https:\/\/api.w.org\/{rel}","templated":true}]}}