{"id":189,"date":"2025-12-05T13:34:54","date_gmt":"2025-12-05T13:34:54","guid":{"rendered":"https:\/\/test.8erwassereck.de\/?page_id=189"},"modified":"2025-12-05T13:35:32","modified_gmt":"2025-12-05T13:35:32","slug":"impressum","status":"publish","type":"page","link":"https:\/\/8erwassereck.de\/?page_id=189","title":{"rendered":"Impressum"},"content":{"rendered":"\n<p><br><p>Thomas Geiger und<\/p><\/p>\n\n\n\n<p><p>Hannelore Geiger<\/p><\/p>\n\n\n\n<p><p>Hohe Str. 26, 96487 D\u00f6rfles-Esbach<br>Telefon: 09561 63862<br><\/p>www.8erwassereck.de<p>Email:<\/p><\/p>\n\n\n\n<p>info@8erwassereck.de<\/p>\n\n\n\n<p><p><strong>Redaktion der Homepage im Sinne des \u00a7 10 Abs. 3 MDStV<br> <\/strong>Hannelore Geiger<\/p><\/p>\n\n\n\n<p><p><strong>Haftung f\u00fcr Inhalte<br><br><\/strong>Die Inhalte unserer Seiten wurden mit gr\u00f6\u00dfter Sorgfalt <br>erstellt. F\u00fcr die Richtigkeit, Vollst\u00e4ndigkeit und Aktualit\u00e4t der <br>Inhalte k\u00f6nnen wir jedoch keine Gew\u00e4hr \u00fcbernehmen. Als Diensteanbieter <br>sind wir gem\u00e4\u00df \u00a7 7 Abs.1 TMG f\u00fcr eigene Inhalte auf diesen Seiten nach <br>den allgemeinen Gesetzen verantwortlich. Nach \u00a7\u00a7 8 bis 10 TMG sind wir <br>als Diensteanbieter jedoch nicht verpflichtet, \u00fcbermittelte oder <br>gespeicherte fremde Informationen zu \u00fcberwachen oder nach Umst\u00e4nden zu <br>forschen, die auf eine rechtswidrige T\u00e4tigkeit hinweisen. <br>Verpflichtungen zur Entfernung oder Sperrung der Nutzung von <br>Informationen nach den allgemeinen Gesetzen bleiben hiervon unber\u00fchrt. <br>Eine diesbez\u00fcgliche Haftung ist jedoch erst ab dem Zeitpunkt der <br>Kenntnis einer konkreten Rechtsverletzung m\u00f6glich. Bei bekannt werden <br>von entsprechenden Rechtsverletzungen werden wir diese Inhalte umgehend <br>entfernen.<\/p><strong>Haftung f\u00fcr Links<\/strong><br><p><strong><br><\/strong>Unser Angebot enth\u00e4lt Links zu externen Webseiten Dritter, auf <br>deren Inhalte wir keinen Einfluss haben. Deshalb k\u00f6nnen wir f\u00fcr diese <br>fremden Inhalte auch keine Gew\u00e4hr \u00fcbernehmen. F\u00fcr die Inhalte der <br>verlinkten Seiten ist stets der jeweilige Anbieter oder Betreiber der <br>Seiten verantwortlich. Die verlinkten Seiten wurden zum Zeitpunkt der <br>Verlinkung auf m\u00f6gliche Rechtsverst\u00f6\u00dfe \u00fcberpr\u00fcft. Rechtswidrige Inhalte <br>waren zum Zeitpunkt der Verlinkung nicht erkennbar. Eine permanente <br>inhaltliche Kontrolle der verlinkten Seiten ist jedoch ohne konkrete <br>Anhaltspunkte einer Rechtsverletzung nicht zumutbar. Bei bekannt werden <br>von Rechtsverletzungen werden wir derartige Links umgehend entfernen.<\/p><strong>Urheberrecht<\/strong><p>Die durch die Seitenbetreiber erstellten Inhalte und Werke auf <br>diesen Seiten unterliegen dem deutschen Urheberrecht. Beitr\u00e4ge Dritter <br>sind als solche gekennzeichnet. Die Vervielf\u00e4ltigung, Bearbeitung, <br>Verbreitung und jede Art der Verwertung au\u00dferhalb der Grenzen des <br>Urheberrechtes bed\u00fcrfen der schriftlichen Zustimmung des jeweiligen <br>Autors bzw. Erstellers. Downloads und Kopien dieser Seite sind nur f\u00fcr <br>den privaten, nicht kommerziellen Gebrauch gestattet. Die Betreiber der <br>Seiten sind bem\u00fcht, stets die Urheberrechte anderer zu beachten bzw. auf<br> selbst erstellte sowie lizenzfreie Werke zur\u00fcckzugreifen.<\/p><br><p><strong>Datenschutz<br> <\/strong>Soweit auf unseren Seiten personenbezogene Daten  (beispielsweise Name, Anschrift oder E-Mail-Adressen) erhoben werden,  erfolgt dies soweit m\u00f6glich stets auf freiwilliger Basis. Die Nutzung  der Angebote und Dienste ist, soweit m\u00f6glich, stets ohne Angabe  personenbezogener Daten m\u00f6glich. Wir weisen darauf hin, dass die  Daten\u00fcbertragung im Internet (z. B. bei der Kommunikation per E-Mail)  Sicherheitsl\u00fccken aufweisen kann. Ein l\u00fcckenloser Schutz der Daten vor  dem Zugriff durch Dritte ist nicht m\u00f6glich. Der Nutzung von im Rahmen  der Impressumspflicht ver\u00f6ffentlichten Kontaktdaten durch Dritte zur  \u00dcbersendung von nicht ausdr\u00fccklich angeforderter Werbung und  Informationsmaterialien wird hiermit ausdr\u00fccklich widersprochen. Die  Betreiber der Seiten behalten sich ausdr\u00fccklich rechtliche Schritte im  Falle der unverlangten Zusendung von Werbeinformationen, etwa durch  Spam-Mails, vor.<\/p><br><\/p>\n","protected":false},"excerpt":{"rendered":"<p>Thomas Geiger und Hannelore Geiger Hohe Str. 26, 96487 D\u00f6rfles-EsbachTelefon: 09561 63862 www.8erwassereck.de Email: info@8erwassereck.de Redaktion der Homepage im Sinne<\/p>\n","protected":false},"author":1,"featured_media":45,"parent":0,"menu_order":0,"comment_status":"closed","ping_status":"closed","template":"","meta":{"footnotes":""},"class_list":["post-189","page","type-page","status-publish","has-post-thumbnail","hentry"],"_links":{"self":[{"href":"https:\/\/8erwassereck.de\/index.php?rest_route=\/wp\/v2\/pages\/189","targetHints":{"allow":["GET"]}}],"collection":[{"href":"https:\/\/8erwassereck.de\/index.php?rest_route=\/wp\/v2\/pages"}],"about":[{"href":"https:\/\/8erwassereck.de\/index.php?rest_route=\/wp\/v2\/types\/page"}],"author":[{"embeddable":true,"href":"https:\/\/8erwassereck.de\/index.php?rest_route=\/wp\/v2\/users\/1"}],"replies":[{"embeddable":true,"href":"https:\/\/8erwassereck.de\/index.php?rest_route=%2Fwp%2Fv2%2Fcomments&post=189"}],"version-history":[{"count":1,"href":"https:\/\/8erwassereck.de\/index.php?rest_route=\/wp\/v2\/pages\/189\/revisions"}],"predecessor-version":[{"id":197,"href":"https:\/\/8erwassereck.de\/index.php?rest_route=\/wp\/v2\/pages\/189\/revisions\/197"}],"wp:featuredmedia":[{"embeddable":true,"href":"https:\/\/8erwassereck.de\/index.php?rest_route=\/wp\/v2\/media\/45"}],"wp:attachment":[{"href":"https:\/\/8erwassereck.de\/index.php?rest_route=%2Fwp%2Fv2%2Fmedia&parent=189"}],"curies":[{"name":"wp","href":"https:\/\/api.w.org\/{rel}","templated":true}]}}