{"id":229,"date":"2025-12-06T10:46:17","date_gmt":"2025-12-06T10:46:17","guid":{"rendered":"https:\/\/test.8erwassereck.de\/?page_id=229"},"modified":"2026-03-25T14:48:23","modified_gmt":"2026-03-25T14:48:23","slug":"angebot-der-sommerkueche","status":"publish","type":"page","link":"https:\/\/8erwassereck.de\/?page_id=229","title":{"rendered":"Angebot der Sommerk\u00fcche"},"content":{"rendered":"\n<figure class=\"wp-block-table\"><table class=\"has-fixed-layout\"><thead><tr><th><strong>MARMELADENSORTE<\/strong><\/th><th>je 4,00 \u20ac<\/th><th><strong>MARMELADENSORTE<\/strong><\/th><th>je 4,00 \u20ac<\/th><\/tr><\/thead><tbody><tr><td><\/td><td><\/td><td><\/td><td><\/td><\/tr><tr><td>Amaretto-Kirsch<\/td><td>mit Amaretto<\/td><td>Rumpelstilzchen<\/td><td>Alles, was im Wald w\u00e4chst<\/td><\/tr><tr><td>Aprikose<\/td><td><\/td><td>Sanddorn<br>Sanddorn-Orange<\/td><td>von der Insel Usedom<br><\/td><\/tr><tr><td>Birne &#8222;Willi&#8220;<\/td><td>o. Alkohol<\/td><td>Zwetschge<\/td><td><\/td><\/tr><tr><td>Blaubeere<\/td><td><\/td><td>Preiselbeere<\/td><td><\/td><\/tr><tr><td>Blaubeere-Traube<\/td><td><\/td><td>Punsch<\/td><td>im Winter<\/td><\/tr><tr><td>Brombeere pur<br>Brombeer-Rhabarber<\/td><td>mit Vanille<br><\/td><td>Spekulatius<\/td><td>im Winter<\/td><\/tr><tr><td>Cremige Orange<\/td><td><\/td><td>Rumtopf<\/td><td><\/td><\/tr><tr><td>Cremige Zitrone<\/td><td><\/td><td>Apfel-Zimt<\/td><td><\/td><\/tr><tr><td>Edel &amp; Dark<\/td><td>sw. Johannis- + Himb.<\/td><td>Irische Kirsche<\/td><td>mit Whisky<\/td><\/tr><tr><td>Erdbeere<\/td><td>m. Hibiskus<\/td><td>Kirsche-Marzipan<\/td><td>im Winter<\/td><\/tr><tr><td>Erdbeer-Hollerbl\u00fcte-Traube<\/td><td><\/td><td>Kokostraum<\/td><td>mit K\u00fcrbis, Zitrone, Kokos<\/td><\/tr><tr><td>Erdbeer-Rhabarber<\/td><td><\/td><td>Kumquat<\/td><td>mit Rum + Vanille<\/td><\/tr><tr><td>Hiffenmark<\/td><td><\/td><td>Mango-Maracuja<\/td><td><\/td><\/tr><tr><td>Himbeere pur<\/td><td><\/td><td>Quitte pur<\/td><td><\/td><\/tr><tr><td>Holunderbeere +-bl\u00fcte<\/td><td><\/td><td>Quitte-Orange<\/td><td><\/td><\/tr><tr><td>Ingwershot<\/td><td><\/td><td>Pfirsich<\/td><td><\/td><\/tr><tr><td>Sauerkirsche<\/td><td><\/td><td>Schneewittchen <\/td><td>m. Schokolade<\/td><\/tr><tr><td>Spritziger Pfirsich<\/td><td>mit Prosecco<\/td><td>Stachelbeere<\/td><td><\/td><\/tr><tr><td>Pina Colada<\/td><td>o. Alkohol<\/td><td>Zwetschge<\/td><td><br><\/td><\/tr><tr><td><strong>Regionaler Honig<\/strong><br>aus Heilgersdorf<\/td><td><strong>6,00<\/strong><\/td><td><\/td><td><\/td><\/tr><tr><td><strong>NUDELSOSSEN<\/strong> -5,00 \u20ac<\/td><td><strong>auf Tomatenbasis<\/strong><\/td><td>5,50 \u20ac<\/td><td><\/td><\/tr><tr><td><strong>Rita<\/strong><\/td><td>Sanft, f\u00fcr Kidis<\/td><td><strong>Wildsau<\/strong><\/td><td><\/td><\/tr><tr><td><strong>Verdura<\/strong><\/td><td>Zucchini, Karotte<\/td><td><strong>Reh<\/strong><\/td><td><\/td><\/tr><tr><td><strong>Arrabiata<\/strong><\/td><td>scharf<\/td><td><strong>Rinderragout<\/strong><\/td><td><\/td><\/tr><tr><td><strong>Ricotta-Spinat<\/strong><\/td><td><\/td><td><strong>Lamm<\/strong><\/td><td><\/td><\/tr><tr><td><strong>Melanzane<\/strong><\/td><td>Aubergine, Basilikum<\/td><td><strong>Thai Curry<\/strong><\/td><td><\/td><\/tr><tr><td><strong>Fenchel<\/strong><\/td><td><\/td><td><strong>Ente<\/strong><\/td><td><\/td><\/tr><tr><td><strong>Ofen-Rosmarin-Tomaten<\/strong><\/td><td><\/td><td><\/td><td><\/td><\/tr><tr><td><strong>B\u00e4rlauch-Tomate<\/strong><\/td><td>saisonal!<\/td><td><\/td><td><\/td><\/tr><\/tbody><\/table><\/figure>\n\n\n\n<figure class=\"wp-block-table\"><table class=\"has-fixed-layout\"><thead><tr><th><strong>PESTO<\/strong> &#8211; 4,50 \u20ac<\/th><th><\/th><th><strong>FRUCHTESSIG<\/strong> &#8211; 5,00 \u20ac<\/th><th>aus Balsamicobasis<\/th><\/tr><\/thead><tbody><tr><td>Tomate<\/td><td>m. getrockneten Tomaten, K\u00fcrbiskernen, Rosmarin<\/td><td>Himbeere<\/td><td><\/td><\/tr><tr><td>Cashew-Basilikum<\/td><td><\/td><td>Brombeere<\/td><td><\/td><\/tr><tr><td>Walnuss<\/td><td>mit Basilikum<\/td><td>Quitte<\/td><td><\/td><\/tr><tr><td>B\u00e4rlauch<\/td><td>mit ger. Sonnenblumenkernen<\/td><td>Kirsche<\/td><td><\/td><\/tr><tr><td><\/td><td><\/td><td>Sanddorn<\/td><td><\/td><\/tr><tr><td>Salbei<\/td><td>mit Cashew u. Mandel<\/td><td>Orange<\/td><td><\/td><\/tr><tr><td>Tr\u00fcffelpesto<\/td><td>saisonal nach Anfrage<\/td><td>sw. Johannisbeere<\/td><td><\/td><\/tr><tr><td><\/td><td><\/td><td>Fruchtmix<\/td><td><\/td><\/tr><tr><td><\/td><td><\/td><td>Aronia<\/td><td><\/td><\/tr><tr><td><\/td><td><\/td><td>Holunder<\/td><td><\/td><\/tr><tr><td><\/td><td><\/td><td>Traube<\/td><td><\/td><\/tr><tr><td><\/td><td><\/td><td><strong>\u00d6LE<\/strong> &#8211; 6,00 \u20ac<\/td><td><\/td><\/tr><tr><td><\/td><td><\/td><td>Walnuss+\u00d6l<\/td><td>m. Knoblauch<\/td><\/tr><tr><td><\/td><td><\/td><td>Chili-\u00d6l<\/td><td>Oliven\u00f6lbasis<\/td><\/tr><tr><td><\/td><td><\/td><td>Sesam+\u00d6l<\/td><td>f\u00fcr Salate<\/td><\/tr><tr><td><\/td><td><\/td><td><\/td><td><\/td><\/tr><tr><td><\/td><td><\/td><td><\/td><td><\/td><\/tr><tr><td><\/td><td><\/td><td><\/td><td><\/td><\/tr><tr><td><\/td><td><\/td><td><\/td><td><\/td><\/tr><tr><td><\/td><td><\/td><td><\/td><td><\/td><\/tr><\/tbody><\/table><\/figure>\n\n\n\n<figure class=\"wp-block-table\"><table class=\"has-fixed-layout\"><thead><tr><th><strong>Senf &#8211; <\/strong>4,50 \u20ac<\/th><th><\/th><\/tr><\/thead><tbody><tr><td>Orangensenf<\/td><td>Crunchy-Honey-Senf<\/td><\/tr><tr><td>Dunkelbiersenf<\/td><td><\/td><\/tr><\/tbody><\/table><\/figure>\n\n\n\n<figure class=\"wp-block-table\"><table class=\"has-fixed-layout\"><thead><tr><th><strong>GEW\u00dcRZMISCHUNGEN<\/strong> &#8211; 3,50 \u20ac<\/th><th>3 St\u00fcck 10,00 \u20ac<\/th><\/tr><\/thead><tbody><tr><td>Sour Creme<\/td><td>Wiesensalz<\/td><\/tr><tr><td>Tomaten-Dip<\/td><td>Bl\u00fctenbutter<\/td><\/tr><tr><td>Agli e olio<\/td><td>Stullenfein<\/td><\/tr><tr><td>Sesamsalz<br>Curry-Dip<\/td><td>Dill-Dip<br>Paprika-Dip<\/td><\/tr><\/tbody><\/table><\/figure>\n\n\n\n<figure class=\"wp-block-table\"><table class=\"has-fixed-layout\"><thead><tr><th><strong>BESONDERES<\/strong> <\/th><th><\/th><\/tr><\/thead><tbody><tr><td>Schurrimurrie &#8211; 5,00 \u20ac<\/td><td>zu K\u00e4se, Fleisch, auch als deftige Salatso\u00dfe<\/td><\/tr><tr><td>Oliventapenade &#8211; 5,00 \u20ac<\/td><td>auch f\u00fcr Nudeln!<\/td><\/tr><tr><td>Mexikanische Taccoso\u00dfe &#8211; 4,50 \u20ac<\/td><td>Zum Dippen<\/td><\/tr><tr><td>Entenrilette &#8211; 7,00 \u20ac<\/td><td>im Winter<\/td><\/tr><tr><td>Danger &#8211; 4,50 \u20ac<br><br>Zwiebel-Bacon-Jam &#8211; 5,00 \u20ac<\/td><td>Chilipaste<br><br><\/td><\/tr><\/tbody><\/table><\/figure>\n\n\n\n<figure class=\"wp-block-table\"><table class=\"has-fixed-layout\"><thead><tr><th><strong>SAISONARTIKEL<\/strong><\/th><th><\/th><\/tr><\/thead><tbody><tr><td>Eierlik\u00f6r, 500 ml &#8211; 12,00 \u20ac<\/td><td>Weihnachtsfr\u00fcchtetee &#8211; 4,00 \u20ac<\/td><\/tr><tr><td>Schokolik\u00f6r, 250 ml &#8211; 6,50 \u20ac<\/td><td>Schwarzer Weihnachtstee &#8211; 4,00 \u20ac<\/td><\/tr><tr><td>Taralli (ital. Kringelkekse), 4,00 \u20ac<\/td><td>Wachgek\u00fcsst &#8211; Kr\u00e4utertee &#8211; 4,00 \u20ac<\/td><\/tr><tr><td>Salatduo (kl. Fruchtessig + Sesam\u00f6l) &#8211; 7,00 \u20ac<\/td><td>Kleine Pause &#8211; Kr\u00e4utertee &#8211; 4,00 \u20ac<\/td><\/tr><tr><td>Hausteemischung &#8211; 4,00 \u20ac<br>Kr\u00e4uterkram &#8211; Kr\u00e4utertee &#8211; 4,00 \u20ac<br><\/td><td>Abendtee Yogi &#8211; Kr\u00e4utertee &#8211; 4,00 \u20ac<br>S\u00fc\u00dfe Clementine &#8211; Fr\u00fcchtetee &#8211; 4,00 \u20ac<br>Bettys beste Beere &#8211; Fr\u00fcchtetee &#8211; 4,00 \u20ac<\/td><\/tr><\/tbody><\/table><\/figure>\n\n\n\n<p><\/p>\n\n\n\n<p><strong>Alle Preise inkl. 30 Ct. Pfand<\/strong><\/p>\n\n\n\n<p><strong>Hier k\u00f6nnen Sie eine Bestellung aufgeben:<\/strong><\/p>\n\n\n<style id=\"wpforms-css-vars-249\">\n\t\t\t\t#wpforms-249 {\n\t\t\t\t--wpforms-container-padding: 0px;\n--wpforms-container-border-width: 1px;\n--wpforms-container-border-radius: 3px;\n--wpforms-background-color: rgba(0, 0, 0, 0);\n--wpforms-field-size-input-height: 43px;\n--wpforms-field-size-input-spacing: 15px;\n--wpforms-field-size-font-size: 16px;\n--wpforms-field-size-line-height: 19px;\n--wpforms-field-size-padding-h: 14px;\n--wpforms-field-size-checkbox-size: 16px;\n--wpforms-field-size-sublabel-spacing: 5px;\n--wpforms-field-size-icon-size: 1;\n--wpforms-label-size-font-size: 16px;\n--wpforms-label-size-line-height: 19px;\n--wpforms-label-size-sublabel-font-size: 14px;\n--wpforms-label-size-sublabel-line-height: 17px;\n--wpforms-button-size-font-size: 17px;\n--wpforms-button-size-height: 41px;\n--wpforms-button-size-padding-h: 15px;\n--wpforms-button-size-margin-top: 10px;\n--wpforms-container-shadow-size-box-shadow: none;\n\t\t\t}\n\t\t\t<\/style><div class=\"wpforms-container wpforms-container-full wpforms-render-modern\" id=\"wpforms-249\"><form id=\"wpforms-form-249\" class=\"wpforms-validate wpforms-form wpforms-ajax-form\" data-formid=\"249\" method=\"post\" enctype=\"multipart\/form-data\" action=\"\/index.php?rest_route=%2Fwp%2Fv2%2Fpages%2F229\" data-token=\"2ed03b16e5413f5590c44a747819e999\" data-token-time=\"1776416951\"><noscript class=\"wpforms-error-noscript\">Bitte aktiviere JavaScript in deinem Browser, um dieses Formular fertigzustellen.<\/noscript><div id=\"wpforms-error-noscript\" style=\"display: none;\">Bitte aktiviere JavaScript in deinem Browser, um dieses Formular fertigzustellen.<\/div><div class=\"wpforms-field-container\"><div id=\"wpforms-249-field_1-container\" class=\"wpforms-field wpforms-field-name\" data-field-id=\"1\"><fieldset><legend class=\"wpforms-field-label\">Name <span class=\"wpforms-required-label\" aria-hidden=\"true\">*<\/span><\/legend><div class=\"wpforms-field-row wpforms-field-medium\"><div class=\"wpforms-field-row-block wpforms-first wpforms-one-half\"><input type=\"text\" id=\"wpforms-249-field_1\" class=\"wpforms-field-name-first wpforms-field-required\" name=\"wpforms[fields][1][first]\" aria-errormessage=\"wpforms-249-field_1-error\" required><label for=\"wpforms-249-field_1\" class=\"wpforms-field-sublabel after\">Vorname<\/label><\/div><div class=\"wpforms-field-row-block wpforms-one-half\"><input type=\"text\" id=\"wpforms-249-field_1-last\" class=\"wpforms-field-name-last wpforms-field-required\" name=\"wpforms[fields][1][last]\" aria-errormessage=\"wpforms-249-field_1-last-error\" required><label for=\"wpforms-249-field_1-last\" class=\"wpforms-field-sublabel after\">Nachname<\/label><\/div><\/div><\/fieldset><\/div><div id=\"wpforms-249-field_2-container\" class=\"wpforms-field wpforms-field-email\" data-field-id=\"2\"><label class=\"wpforms-field-label\" for=\"wpforms-249-field_2\">E-Mail <span class=\"wpforms-required-label\" aria-hidden=\"true\">*<\/span><\/label><input type=\"email\" id=\"wpforms-249-field_2\" class=\"wpforms-field-medium wpforms-field-required\" name=\"wpforms[fields][2]\" spellcheck=\"false\" aria-errormessage=\"wpforms-249-field_2-error\" required><\/div><div id=\"wpforms-249-field_11-container\" class=\"wpforms-field wpforms-field-textarea\" data-field-id=\"11\"><label class=\"wpforms-field-label\" for=\"wpforms-249-field_11\">Ihre Adresse<\/label><textarea id=\"wpforms-249-field_11\" class=\"wpforms-field-medium\" name=\"wpforms[fields][11]\" aria-errormessage=\"wpforms-249-field_11-error\" ><\/textarea><\/div>\t\t<div id=\"wpforms-249-field_3-container\"\n\t\t\tclass=\"wpforms-field wpforms-field-text\"\n\t\t\tdata-field-type=\"text\"\n\t\t\tdata-field-id=\"3\"\n\t\t\t>\n\t\t\t<label class=\"wpforms-field-label\" for=\"wpforms-249-field_3\" >Abholdatum W\u00fcnsche Bestellung<\/label>\n\t\t\t<input type=\"text\" id=\"wpforms-249-field_3\" class=\"wpforms-field-medium\" name=\"wpforms[fields][3]\" >\n\t\t<\/div>\n\t\t<div id=\"wpforms-249-field_13-container\" class=\"wpforms-field wpforms-field-textarea\" data-field-id=\"13\"><label class=\"wpforms-field-label\" for=\"wpforms-249-field_13\">Ihre Bestellung<\/label><textarea id=\"wpforms-249-field_13\" class=\"wpforms-field-medium\" name=\"wpforms[fields][13]\" aria-errormessage=\"wpforms-249-field_13-error\" ><\/textarea><\/div><div id=\"wpforms-249-field_7-container\" class=\"wpforms-field wpforms-field-textarea\" data-field-id=\"7\"><label class=\"wpforms-field-label\" for=\"wpforms-249-field_7\">Besondere W\u00fcnsche oder Hinweise<\/label><textarea id=\"wpforms-249-field_7\" class=\"wpforms-field-medium\" name=\"wpforms[fields][7]\" aria-errormessage=\"wpforms-249-field_7-error\" ><\/textarea><\/div><div id=\"wpforms-249-field_14-container\" class=\"wpforms-field wpforms-field-text\" data-field-id=\"14\"><label class=\"wpforms-field-label\" for=\"wpforms-249-field_14\">Abholdatum<\/label><input type=\"text\" id=\"wpforms-249-field_14\" class=\"wpforms-field-medium\" name=\"wpforms[fields][14]\" aria-errormessage=\"wpforms-249-field_14-error\" ><\/div><script>\n\t\t\t\t( function() {\n\t\t\t\t\tconst style = document.createElement( 'style' );\n\t\t\t\t\tstyle.appendChild( document.createTextNode( '#wpforms-249-field_3-container { position: absolute !important; overflow: hidden !important; display: inline !important; height: 1px !important; width: 1px !important; z-index: -1000 !important; padding: 0 !important; } #wpforms-249-field_3-container input { visibility: hidden; } #wpforms-conversational-form-page #wpforms-249-field_3-container label { counter-increment: none; }' ) );\n\t\t\t\t\tdocument.head.appendChild( style );\n\t\t\t\t\tdocument.currentScript?.remove();\n\t\t\t\t} )();\n\t\t\t<\/script><\/div><!-- .wpforms-field-container --><div class=\"wpforms-submit-container\" ><input type=\"hidden\" name=\"wpforms[id]\" value=\"249\"><input type=\"hidden\" name=\"page_title\" value=\"\"><input type=\"hidden\" name=\"page_url\" value=\"https:\/\/8erwassereck.de\/index.php?rest_route=\/wp\/v2\/pages\/229\"><input type=\"hidden\" name=\"url_referer\" value=\"\"><button type=\"submit\" name=\"wpforms[submit]\" id=\"wpforms-submit-249\" class=\"wpforms-submit\" data-alt-text=\"Wird gesendet\u00a0\u2026\" data-submit-text=\"Bestellung absenden\" aria-live=\"assertive\" value=\"wpforms-submit\">Bestellung absenden<\/button><img decoding=\"async\" src=\"https:\/\/8erwassereck.de\/wp-content\/plugins\/wpforms-lite\/assets\/images\/submit-spin.svg\" class=\"wpforms-submit-spinner\" style=\"display: none;\" width=\"26\" height=\"26\" alt=\"Wird geladen\"><\/div><\/form><\/div>  <!-- .wpforms-container -->\n","protected":false},"excerpt":{"rendered":"<p>MARMELADENSORTE je 4,00 \u20ac MARMELADENSORTE je 4,00 \u20ac Amaretto-Kirsch mit Amaretto Rumpelstilzchen Alles, was im Wald w\u00e4chst Aprikose SanddornSanddorn-Orange von<\/p>\n","protected":false},"author":1,"featured_media":231,"parent":0,"menu_order":0,"comment_status":"closed","ping_status":"closed","template":"","meta":{"footnotes":""},"class_list":["post-229","page","type-page","status-publish","has-post-thumbnail","hentry"],"_links":{"self":[{"href":"https:\/\/8erwassereck.de\/index.php?rest_route=\/wp\/v2\/pages\/229","targetHints":{"allow":["GET"]}}],"collection":[{"href":"https:\/\/8erwassereck.de\/index.php?rest_route=\/wp\/v2\/pages"}],"about":[{"href":"https:\/\/8erwassereck.de\/index.php?rest_route=\/wp\/v2\/types\/page"}],"author":[{"embeddable":true,"href":"https:\/\/8erwassereck.de\/index.php?rest_route=\/wp\/v2\/users\/1"}],"replies":[{"embeddable":true,"href":"https:\/\/8erwassereck.de\/index.php?rest_route=%2Fwp%2Fv2%2Fcomments&post=229"}],"version-history":[{"count":22,"href":"https:\/\/8erwassereck.de\/index.php?rest_route=\/wp\/v2\/pages\/229\/revisions"}],"predecessor-version":[{"id":403,"href":"https:\/\/8erwassereck.de\/index.php?rest_route=\/wp\/v2\/pages\/229\/revisions\/403"}],"wp:featuredmedia":[{"embeddable":true,"href":"https:\/\/8erwassereck.de\/index.php?rest_route=\/wp\/v2\/media\/231"}],"wp:attachment":[{"href":"https:\/\/8erwassereck.de\/index.php?rest_route=%2Fwp%2Fv2%2Fmedia&parent=229"}],"curies":[{"name":"wp","href":"https:\/\/api.w.org\/{rel}","templated":true}]}}