{"id":58,"date":"2025-08-21T16:59:35","date_gmt":"2025-08-21T16:59:35","guid":{"rendered":"https:\/\/test.8erwassereck.de\/?page_id=58"},"modified":"2026-03-24T16:10:57","modified_gmt":"2026-03-24T16:10:57","slug":"wir-vermieten-ein-zuhause","status":"publish","type":"page","link":"https:\/\/8erwassereck.de\/","title":{"rendered":"Wir vermieten ein Zuhause"},"content":{"rendered":"\n<h4 class=\"wp-block-heading\">Unser Ferienzuhause &#8222;8erwassereck&#8220; liegt im \u00d6rtchen \u00dcckeritz, auf der einen Seite der Ostsee und auf der anderen Seite dem Achterwasser zugewandt, welchem das 8erwassereck seinen Namen verdankt.<\/h4>\n\n\n\n<h4 class=\"wp-block-heading\">Weder zum Achterwasser, noch zum wei\u00dfen Strand der Ostsee hat man es weiter als 20 Minuten zu Fu\u00df.<\/h4>\n\n\n\n<h4 class=\"wp-block-heading\">Wir haben es uns auf die Fahne geschrieben, unseren G\u00e4sten eine luxuri\u00f6se-charmante Wohlf\u00fchloase zu schaffen, in der man einfach mal abschalten und sich wie &#8222;Zuhause&#8220; f\u00fchlen kann.<\/h4>\n\n\n\n<figure class=\"wp-block-image size-large\"><img fetchpriority=\"high\" decoding=\"async\" width=\"791\" height=\"1024\" src=\"https:\/\/8erwassereck.de\/wp-content\/uploads\/2026\/03\/Unbenannt8-791x1024.png\" alt=\"\" class=\"wp-image-379\" srcset=\"https:\/\/8erwassereck.de\/wp-content\/uploads\/2026\/03\/Unbenannt8-791x1024.png 791w, https:\/\/8erwassereck.de\/wp-content\/uploads\/2026\/03\/Unbenannt8-232x300.png 232w, https:\/\/8erwassereck.de\/wp-content\/uploads\/2026\/03\/Unbenannt8-768x994.png 768w, https:\/\/8erwassereck.de\/wp-content\/uploads\/2026\/03\/Unbenannt8-1187x1536.png 1187w, https:\/\/8erwassereck.de\/wp-content\/uploads\/2026\/03\/Unbenannt8-1583x2048.png 1583w, https:\/\/8erwassereck.de\/wp-content\/uploads\/2026\/03\/Unbenannt8-62x80.png 62w, https:\/\/8erwassereck.de\/wp-content\/uploads\/2026\/03\/Unbenannt8-234x303.png 234w, https:\/\/8erwassereck.de\/wp-content\/uploads\/2026\/03\/Unbenannt8-541x700.png 541w, https:\/\/8erwassereck.de\/wp-content\/uploads\/2026\/03\/Unbenannt8-734x950.png 734w, https:\/\/8erwassereck.de\/wp-content\/uploads\/2026\/03\/Unbenannt8-835x1080.png 835w, https:\/\/8erwassereck.de\/wp-content\/uploads\/2026\/03\/Unbenannt8-scaled.png 1978w\" sizes=\"(max-width: 791px) 100vw, 791px\" \/><\/figure>\n","protected":false},"excerpt":{"rendered":"<p>Unser Ferienzuhause &#8222;8erwassereck&#8220; liegt im \u00d6rtchen \u00dcckeritz, auf der einen Seite der Ostsee und auf der anderen Seite dem Achterwasser<\/p>\n","protected":false},"author":1,"featured_media":15,"parent":0,"menu_order":0,"comment_status":"closed","ping_status":"closed","template":"","meta":{"footnotes":""},"class_list":["post-58","page","type-page","status-publish","has-post-thumbnail","hentry"],"_links":{"self":[{"href":"https:\/\/8erwassereck.de\/index.php?rest_route=\/wp\/v2\/pages\/58","targetHints":{"allow":["GET"]}}],"collection":[{"href":"https:\/\/8erwassereck.de\/index.php?rest_route=\/wp\/v2\/pages"}],"about":[{"href":"https:\/\/8erwassereck.de\/index.php?rest_route=\/wp\/v2\/types\/page"}],"author":[{"embeddable":true,"href":"https:\/\/8erwassereck.de\/index.php?rest_route=\/wp\/v2\/users\/1"}],"replies":[{"embeddable":true,"href":"https:\/\/8erwassereck.de\/index.php?rest_route=%2Fwp%2Fv2%2Fcomments&post=58"}],"version-history":[{"count":24,"href":"https:\/\/8erwassereck.de\/index.php?rest_route=\/wp\/v2\/pages\/58\/revisions"}],"predecessor-version":[{"id":380,"href":"https:\/\/8erwassereck.de\/index.php?rest_route=\/wp\/v2\/pages\/58\/revisions\/380"}],"wp:featuredmedia":[{"embeddable":true,"href":"https:\/\/8erwassereck.de\/index.php?rest_route=\/wp\/v2\/media\/15"}],"wp:attachment":[{"href":"https:\/\/8erwassereck.de\/index.php?rest_route=%2Fwp%2Fv2%2Fmedia&parent=58"}],"curies":[{"name":"wp","href":"https:\/\/api.w.org\/{rel}","templated":true}]}}