{"id":77,"date":"2025-08-21T17:17:08","date_gmt":"2025-08-21T17:17:08","guid":{"rendered":"https:\/\/test.8erwassereck.de\/?page_id=77"},"modified":"2026-04-01T15:37:29","modified_gmt":"2026-04-01T15:37:29","slug":"buchungskalender","status":"publish","type":"page","link":"https:\/\/8erwassereck.de\/?page_id=77","title":{"rendered":"Buchungskalender &amp; Preise"},"content":{"rendered":"\n<p class=\"has-drop-cap\">Die rot markierten Zeiten sind leider schon belegt.<\/p>\n\n\n<div class=\"wpbs-main-wrapper wpbs-main-wrapper-calendar-1 wpbs-main-wrapper-form-0\"><div class=\"wpbs-container wpbs-enable-hover wpbs-calendar-1\" data-id=\"1\" data-show_title=\"1\" data-show_legend=\"1\" data-current_year=\"2026\" data-current_month=\"4\" data-language=\"de\" data-min_width=\"200\" data-max_width=\"380\" data-start_date=\"0\" data-end_date=\"0\" ><h2>8erwassereck<\/h2><div class=\"wpbs-calendars-wrapper wpbs-legend-position-side\"><div class=\"wpbs-legend\"><div class=\"wpbs-legend-item\"><div class=\"wpbs-legend-item-icon wpbs-legend-item-icon-1\" data-type=\"single\"><div class=\"wpbs-legend-item-icon-color\" ><\/div><div class=\"wpbs-legend-item-icon-color\" ><\/div><\/div><span class=wpbs-legend-item-name>Verf\u00fcgbar<\/span><\/div><div class=\"wpbs-legend-item\"><div class=\"wpbs-legend-item-icon wpbs-legend-item-icon-2\" data-type=\"single\"><div class=\"wpbs-legend-item-icon-color\" ><\/div><div class=\"wpbs-legend-item-icon-color\" ><\/div><\/div><span class=wpbs-legend-item-name>Gebucht<\/span><\/div><\/div><div class=\"wpbs-calendars\"><div class=\"wpbs-calendar\"><div class=\"wpbs-calendar-header wpbs-heading\"><div class=\"wpbs-calendar-header-navigation\"><a href=\"#\" class=\"wpbs-prev\"><span class=\"wpbs-arrow\"><\/span><\/a><div class=\"wpbs-select-container\"><select><option value=\"1768435200\" >Januar 2026<\/option><option value=\"1771113600\" >Februar 2026<\/option><option value=\"1773532800\" >M\u00e4rz 2026<\/option><option value=\"1776211200\"  selected='selected'>April 2026<\/option><option value=\"1778803200\" >Mai 2026<\/option><option value=\"1781481600\" >Juni 2026<\/option><option value=\"1784073600\" >Juli 2026<\/option><option value=\"1786752000\" >August 2026<\/option><option value=\"1789430400\" >September 2026<\/option><option value=\"1792022400\" >Oktober 2026<\/option><option value=\"1794700800\" >November 2026<\/option><option value=\"1797292800\" >Dezember 2026<\/option><option value=\"1799971200\" >Januar 2027<\/option><option value=\"1802649600\" >Februar 2027<\/option><option value=\"1805068800\" >M\u00e4rz 2027<\/option><option value=\"1807747200\" >April 2027<\/option><\/select><\/div><a href=\"#\" class=\"wpbs-next\"><span class=\"wpbs-arrow\"><\/span><\/a><\/div><\/div><div class=\"wpbs-calendar-wrapper\"><table><thead><tr><th>M<\/th><th>D<\/th><th>M<\/th><th>D<\/th><th>F<\/th><th>S<\/th><th>S<\/th><\/tr><\/thead><tbody><tr><td><div class=\"wpbs-date   wpbs-gap  \"  data-price=\"\"><div class=\"wpbs-date-inner\"><\/div><\/div><\/td><td><div class=\"wpbs-date   wpbs-gap  \"  data-price=\"\"><div class=\"wpbs-date-inner\"><\/div><\/div><\/td><td><div class=\"wpbs-date wpbs-legend-item-2    \" data-year=\"2026\" data-month=\"4\" data-day=\"1\" data-price=\"\"><div class=\"wpbs-legend-item-icon wpbs-legend-item-icon-2\" data-type=\"single\"><div class=\"wpbs-legend-item-icon-color\" ><\/div><div class=\"wpbs-legend-item-icon-color\" ><\/div><\/div><div class=\"wpbs-date-inner\"><span class=\"wpbs-date-number\">1<\/span><\/div><\/div><\/td><td><div class=\"wpbs-date wpbs-legend-item-2    \" data-year=\"2026\" data-month=\"4\" data-day=\"2\" data-price=\"\"><div class=\"wpbs-legend-item-icon wpbs-legend-item-icon-2\" data-type=\"single\"><div class=\"wpbs-legend-item-icon-color\" ><\/div><div class=\"wpbs-legend-item-icon-color\" ><\/div><\/div><div class=\"wpbs-date-inner\"><span class=\"wpbs-date-number\">2<\/span><\/div><\/div><\/td><td><div class=\"wpbs-date wpbs-legend-item-2    \" data-year=\"2026\" data-month=\"4\" data-day=\"3\" data-price=\"\"><div class=\"wpbs-legend-item-icon wpbs-legend-item-icon-2\" data-type=\"single\"><div class=\"wpbs-legend-item-icon-color\" ><\/div><div class=\"wpbs-legend-item-icon-color\" ><\/div><\/div><div class=\"wpbs-date-inner\"><span class=\"wpbs-date-number\">3<\/span><\/div><\/div><\/td><td><div class=\"wpbs-date wpbs-legend-item-2    \" data-year=\"2026\" data-month=\"4\" data-day=\"4\" data-price=\"\"><div class=\"wpbs-legend-item-icon wpbs-legend-item-icon-2\" data-type=\"single\"><div class=\"wpbs-legend-item-icon-color\" ><\/div><div class=\"wpbs-legend-item-icon-color\" ><\/div><\/div><div class=\"wpbs-date-inner\"><span class=\"wpbs-date-number\">4<\/span><\/div><\/div><\/td><td><div class=\"wpbs-date wpbs-legend-item-2    \" data-year=\"2026\" data-month=\"4\" data-day=\"5\" data-price=\"\"><div class=\"wpbs-legend-item-icon wpbs-legend-item-icon-2\" data-type=\"single\"><div class=\"wpbs-legend-item-icon-color\" ><\/div><div class=\"wpbs-legend-item-icon-color\" ><\/div><\/div><div class=\"wpbs-date-inner\"><span class=\"wpbs-date-number\">5<\/span><\/div><\/div><\/td><\/tr><tr><td><div class=\"wpbs-date wpbs-legend-item-2    \" data-year=\"2026\" data-month=\"4\" data-day=\"6\" data-price=\"\"><div class=\"wpbs-legend-item-icon wpbs-legend-item-icon-2\" data-type=\"single\"><div class=\"wpbs-legend-item-icon-color\" ><\/div><div class=\"wpbs-legend-item-icon-color\" ><\/div><\/div><div class=\"wpbs-date-inner\"><span class=\"wpbs-date-number\">6<\/span><\/div><\/div><\/td><td><div class=\"wpbs-date wpbs-legend-item-2    \" data-year=\"2026\" data-month=\"4\" data-day=\"7\" data-price=\"\"><div class=\"wpbs-legend-item-icon wpbs-legend-item-icon-2\" data-type=\"single\"><div class=\"wpbs-legend-item-icon-color\" ><\/div><div class=\"wpbs-legend-item-icon-color\" ><\/div><\/div><div class=\"wpbs-date-inner\"><span class=\"wpbs-date-number\">7<\/span><\/div><\/div><\/td><td><div class=\"wpbs-date wpbs-legend-item-2    \" data-year=\"2026\" data-month=\"4\" data-day=\"8\" data-price=\"\"><div class=\"wpbs-legend-item-icon wpbs-legend-item-icon-2\" data-type=\"single\"><div class=\"wpbs-legend-item-icon-color\" ><\/div><div class=\"wpbs-legend-item-icon-color\" ><\/div><\/div><div class=\"wpbs-date-inner\"><span class=\"wpbs-date-number\">8<\/span><\/div><\/div><\/td><td><div class=\"wpbs-date wpbs-legend-item-2    \" data-year=\"2026\" data-month=\"4\" data-day=\"9\" data-price=\"\"><div class=\"wpbs-legend-item-icon wpbs-legend-item-icon-2\" data-type=\"single\"><div class=\"wpbs-legend-item-icon-color\" ><\/div><div class=\"wpbs-legend-item-icon-color\" ><\/div><\/div><div class=\"wpbs-date-inner\"><span class=\"wpbs-date-number\">9<\/span><\/div><\/div><\/td><td><div class=\"wpbs-date wpbs-legend-item-2    \" data-year=\"2026\" data-month=\"4\" data-day=\"10\" data-price=\"\"><div class=\"wpbs-legend-item-icon wpbs-legend-item-icon-2\" data-type=\"single\"><div class=\"wpbs-legend-item-icon-color\" ><\/div><div class=\"wpbs-legend-item-icon-color\" ><\/div><\/div><div class=\"wpbs-date-inner\"><span class=\"wpbs-date-number\">10<\/span><\/div><\/div><\/td><td><div class=\"wpbs-date wpbs-legend-item-2    \" data-year=\"2026\" data-month=\"4\" data-day=\"11\" data-price=\"\"><div class=\"wpbs-legend-item-icon wpbs-legend-item-icon-2\" data-type=\"single\"><div class=\"wpbs-legend-item-icon-color\" ><\/div><div class=\"wpbs-legend-item-icon-color\" ><\/div><\/div><div class=\"wpbs-date-inner\"><span class=\"wpbs-date-number\">11<\/span><\/div><\/div><\/td><td><div class=\"wpbs-date wpbs-legend-item-2    \" data-year=\"2026\" data-month=\"4\" data-day=\"12\" data-price=\"\"><div class=\"wpbs-legend-item-icon wpbs-legend-item-icon-2\" data-type=\"single\"><div class=\"wpbs-legend-item-icon-color\" ><\/div><div class=\"wpbs-legend-item-icon-color\" ><\/div><\/div><div class=\"wpbs-date-inner\"><span class=\"wpbs-date-number\">12<\/span><\/div><\/div><\/td><\/tr><tr><td><div class=\"wpbs-date wpbs-legend-item-2    \" data-year=\"2026\" data-month=\"4\" data-day=\"13\" data-price=\"\"><div class=\"wpbs-legend-item-icon wpbs-legend-item-icon-2\" data-type=\"single\"><div class=\"wpbs-legend-item-icon-color\" ><\/div><div class=\"wpbs-legend-item-icon-color\" ><\/div><\/div><div class=\"wpbs-date-inner\"><span class=\"wpbs-date-number\">13<\/span><\/div><\/div><\/td><td><div class=\"wpbs-date wpbs-legend-item-2    \" data-year=\"2026\" data-month=\"4\" data-day=\"14\" data-price=\"\"><div class=\"wpbs-legend-item-icon wpbs-legend-item-icon-2\" data-type=\"single\"><div class=\"wpbs-legend-item-icon-color\" ><\/div><div class=\"wpbs-legend-item-icon-color\" ><\/div><\/div><div class=\"wpbs-date-inner\"><span class=\"wpbs-date-number\">14<\/span><\/div><\/div><\/td><td><div class=\"wpbs-date wpbs-legend-item-2    \" data-year=\"2026\" data-month=\"4\" data-day=\"15\" data-price=\"\"><div class=\"wpbs-legend-item-icon wpbs-legend-item-icon-2\" data-type=\"single\"><div class=\"wpbs-legend-item-icon-color\" ><\/div><div class=\"wpbs-legend-item-icon-color\" ><\/div><\/div><div class=\"wpbs-date-inner\"><span class=\"wpbs-date-number\">15<\/span><\/div><\/div><\/td><td><div class=\"wpbs-date wpbs-legend-item-2    \" data-year=\"2026\" data-month=\"4\" data-day=\"16\" data-price=\"\"><div class=\"wpbs-legend-item-icon wpbs-legend-item-icon-2\" data-type=\"single\"><div class=\"wpbs-legend-item-icon-color\" ><\/div><div class=\"wpbs-legend-item-icon-color\" ><\/div><\/div><div class=\"wpbs-date-inner\"><span class=\"wpbs-date-number\">16<\/span><\/div><\/div><\/td><td><div class=\"wpbs-date wpbs-legend-item-1 wpbs-date-today  wpbs-is-bookable \" data-year=\"2026\" data-month=\"4\" data-day=\"17\" data-price=\"\"><div class=\"wpbs-legend-item-icon wpbs-legend-item-icon-1\" data-type=\"single\"><div class=\"wpbs-legend-item-icon-color\" ><\/div><div class=\"wpbs-legend-item-icon-color\" ><\/div><\/div><div class=\"wpbs-date-inner\"><span class=\"wpbs-date-number\">17<\/span><\/div><\/div><\/td><td><div class=\"wpbs-date wpbs-legend-item-2    \" data-year=\"2026\" data-month=\"4\" data-day=\"18\" data-price=\"\"><div class=\"wpbs-legend-item-icon wpbs-legend-item-icon-2\" data-type=\"single\"><div class=\"wpbs-legend-item-icon-color\" ><\/div><div class=\"wpbs-legend-item-icon-color\" ><\/div><\/div><div class=\"wpbs-date-inner\"><span class=\"wpbs-date-number\">18<\/span><\/div><\/div><\/td><td><div class=\"wpbs-date wpbs-legend-item-2    \" data-year=\"2026\" data-month=\"4\" data-day=\"19\" data-price=\"\"><div class=\"wpbs-legend-item-icon wpbs-legend-item-icon-2\" data-type=\"single\"><div class=\"wpbs-legend-item-icon-color\" ><\/div><div class=\"wpbs-legend-item-icon-color\" ><\/div><\/div><div class=\"wpbs-date-inner\"><span class=\"wpbs-date-number\">19<\/span><\/div><\/div><\/td><\/tr><tr><td><div class=\"wpbs-date wpbs-legend-item-2    \" data-year=\"2026\" data-month=\"4\" data-day=\"20\" data-price=\"\"><div class=\"wpbs-legend-item-icon wpbs-legend-item-icon-2\" data-type=\"single\"><div class=\"wpbs-legend-item-icon-color\" ><\/div><div class=\"wpbs-legend-item-icon-color\" ><\/div><\/div><div class=\"wpbs-date-inner\"><span class=\"wpbs-date-number\">20<\/span><\/div><\/div><\/td><td><div class=\"wpbs-date wpbs-legend-item-2    \" data-year=\"2026\" data-month=\"4\" data-day=\"21\" data-price=\"\"><div class=\"wpbs-legend-item-icon wpbs-legend-item-icon-2\" data-type=\"single\"><div class=\"wpbs-legend-item-icon-color\" ><\/div><div class=\"wpbs-legend-item-icon-color\" ><\/div><\/div><div class=\"wpbs-date-inner\"><span class=\"wpbs-date-number\">21<\/span><\/div><\/div><\/td><td><div class=\"wpbs-date wpbs-legend-item-2    \" data-year=\"2026\" data-month=\"4\" data-day=\"22\" data-price=\"\"><div class=\"wpbs-legend-item-icon wpbs-legend-item-icon-2\" data-type=\"single\"><div class=\"wpbs-legend-item-icon-color\" ><\/div><div class=\"wpbs-legend-item-icon-color\" ><\/div><\/div><div class=\"wpbs-date-inner\"><span class=\"wpbs-date-number\">22<\/span><\/div><\/div><\/td><td><div class=\"wpbs-date wpbs-legend-item-2    \" data-year=\"2026\" data-month=\"4\" data-day=\"23\" data-price=\"\"><div class=\"wpbs-legend-item-icon wpbs-legend-item-icon-2\" data-type=\"single\"><div class=\"wpbs-legend-item-icon-color\" ><\/div><div class=\"wpbs-legend-item-icon-color\" ><\/div><\/div><div class=\"wpbs-date-inner\"><span class=\"wpbs-date-number\">23<\/span><\/div><\/div><\/td><td><div class=\"wpbs-date wpbs-legend-item-2    \" data-year=\"2026\" data-month=\"4\" data-day=\"24\" data-price=\"\"><div class=\"wpbs-legend-item-icon wpbs-legend-item-icon-2\" data-type=\"single\"><div class=\"wpbs-legend-item-icon-color\" ><\/div><div class=\"wpbs-legend-item-icon-color\" ><\/div><\/div><div class=\"wpbs-date-inner\"><span class=\"wpbs-date-number\">24<\/span><\/div><\/div><\/td><td><div class=\"wpbs-date wpbs-legend-item-2    \" data-year=\"2026\" data-month=\"4\" data-day=\"25\" data-price=\"\"><div class=\"wpbs-legend-item-icon wpbs-legend-item-icon-2\" data-type=\"single\"><div class=\"wpbs-legend-item-icon-color\" ><\/div><div class=\"wpbs-legend-item-icon-color\" ><\/div><\/div><div class=\"wpbs-date-inner\"><span class=\"wpbs-date-number\">25<\/span><\/div><\/div><\/td><td><div class=\"wpbs-date wpbs-legend-item-2    \" data-year=\"2026\" data-month=\"4\" data-day=\"26\" data-price=\"\"><div class=\"wpbs-legend-item-icon wpbs-legend-item-icon-2\" data-type=\"single\"><div class=\"wpbs-legend-item-icon-color\" ><\/div><div class=\"wpbs-legend-item-icon-color\" ><\/div><\/div><div class=\"wpbs-date-inner\"><span class=\"wpbs-date-number\">26<\/span><\/div><\/div><\/td><\/tr><tr><td><div class=\"wpbs-date wpbs-legend-item-2    \" data-year=\"2026\" data-month=\"4\" data-day=\"27\" data-price=\"\"><div class=\"wpbs-legend-item-icon wpbs-legend-item-icon-2\" data-type=\"single\"><div class=\"wpbs-legend-item-icon-color\" ><\/div><div class=\"wpbs-legend-item-icon-color\" ><\/div><\/div><div class=\"wpbs-date-inner\"><span class=\"wpbs-date-number\">27<\/span><\/div><\/div><\/td><td><div class=\"wpbs-date wpbs-legend-item-2    \" data-year=\"2026\" data-month=\"4\" data-day=\"28\" data-price=\"\"><div class=\"wpbs-legend-item-icon wpbs-legend-item-icon-2\" data-type=\"single\"><div class=\"wpbs-legend-item-icon-color\" ><\/div><div class=\"wpbs-legend-item-icon-color\" ><\/div><\/div><div class=\"wpbs-date-inner\"><span class=\"wpbs-date-number\">28<\/span><\/div><\/div><\/td><td><div class=\"wpbs-date wpbs-legend-item-2    \" data-year=\"2026\" data-month=\"4\" data-day=\"29\" data-price=\"\"><div class=\"wpbs-legend-item-icon wpbs-legend-item-icon-2\" data-type=\"single\"><div class=\"wpbs-legend-item-icon-color\" ><\/div><div class=\"wpbs-legend-item-icon-color\" ><\/div><\/div><div class=\"wpbs-date-inner\"><span class=\"wpbs-date-number\">29<\/span><\/div><\/div><\/td><td><div class=\"wpbs-date wpbs-legend-item-2    \" data-year=\"2026\" data-month=\"4\" data-day=\"30\" data-price=\"\"><div class=\"wpbs-legend-item-icon wpbs-legend-item-icon-2\" data-type=\"single\"><div class=\"wpbs-legend-item-icon-color\" ><\/div><div class=\"wpbs-legend-item-icon-color\" ><\/div><\/div><div class=\"wpbs-date-inner\"><span class=\"wpbs-date-number\">30<\/span><\/div><\/div><\/td><td><div class=\"wpbs-date   wpbs-gap  \"  data-price=\"\"><div class=\"wpbs-date-inner\"><\/div><\/div><\/td><td><div class=\"wpbs-date   wpbs-gap  \"  data-price=\"\"><div class=\"wpbs-date-inner\"><\/div><\/div><\/td><td><div class=\"wpbs-date   wpbs-gap  \"  data-price=\"\"><div class=\"wpbs-date-inner\"><\/div><\/div><\/td><\/tr><\/tbody><\/table><\/div><\/div><\/div><\/div><style>.wpbs-container.wpbs-calendar-1 .wpbs-legend-item-icon-1 div:first-of-type { background-color: #ddffcc; }.wpbs-container.wpbs-calendar-1 .wpbs-legend-item-icon-1 div:nth-of-type(2) { background-color: transparent; }.wpbs-container.wpbs-calendar-1 .wpbs-legend-item-icon-1 div:first-of-type svg { fill: #ddffcc; }.wpbs-container.wpbs-calendar-1 .wpbs-legend-item-icon-1 div:nth-of-type(2) svg { fill: transparent; }.wpbs-container.wpbs-calendar-1 .wpbs-legend-item-icon-2 div:first-of-type { background-color: #ffc0bd; }.wpbs-container.wpbs-calendar-1 .wpbs-legend-item-icon-2 div:nth-of-type(2) { background-color: transparent; }.wpbs-container.wpbs-calendar-1 .wpbs-legend-item-icon-2 div:first-of-type svg { fill: #ffc0bd; }.wpbs-container.wpbs-calendar-1 .wpbs-legend-item-icon-2 div:nth-of-type(2) svg { fill: transparent; }.wpbs-container.wpbs-calendar-1 .wpbs-legend-item-icon-today div:first-of-type { background-color: rgba( 33,150,243, .9 ); }.wpbs-container.wpbs-calendar-1 .wpbs-legend-item-icon-0 div:first-of-type { background-color: #e1e1e1; }.wpbs-main-wrapper:not(.wpbs-main-wrapper-form-0) .wpbs-enable-hover .wpbs-is-bookable:hover:not(.wpbs-selected-first):not(.wpbs-selected-last) .wpbs-legend-item-icon div:first-of-type, .wpbs-main-wrapper:not(.wpbs-main-wrapper-form-0) .wpbs-date-hover:not(.wpbs-selected-first):not(.wpbs-selected-last) .wpbs-legend-item-icon div:first-of-type, .wpbs-main-wrapper:not(.wpbs-main-wrapper-form-0) .wpbs-date-hover.wpbs-selected-first.wpbs-selected-last .wpbs-legend-item-icon div:first-of-type { background-color: #7bb9e4; }.wpbs-main-wrapper:not(.wpbs-main-wrapper-form-0) .wpbs-enable-hover .wpbs-is-bookable:hover:not(.wpbs-selected-first):not(.wpbs-selected-last) .wpbs-legend-item-icon[data-type=\"split\"] div svg, .wpbs-main-wrapper:not(.wpbs-main-wrapper-form-0) .wpbs-date-hover:not(.wpbs-selected-first):not(.wpbs-selected-last) .wpbs-legend-item-icon[data-type=\"split\"] div svg, .wpbs-main-wrapper:not(.wpbs-main-wrapper-form-0) .wpbs-legend-item-icon .wpbs-legend-icon-select svg { fill: #7bb9e4; }.wpbs-main-wrapper:not(.wpbs-main-wrapper-form-0) .wpbs-date-selected:not(.wpbs-selected-first):not(.wpbs-selected-last) .wpbs-legend-item-icon div:first-of-type, .wpbs-main-wrapper:not(.wpbs-main-wrapper-form-0) .wpbs-date-selected.wpbs-selected-first.wpbs-selected-last .wpbs-legend-item-icon div:first-of-type, .wpbs-main-wrapper:not(.wpbs-main-wrapper-form-0) .wpbs-enable-hover .wpbs-date-selected:hover:not(.wpbs-selected-first):not(.wpbs-selected-last) .wpbs-legend-item-icon div:first-of-type { background-color: #5aa7dd; }.wpbs-main-wrapper:not(.wpbs-main-wrapper-form-0) .wpbs-date-selected:not(.wpbs-selected-first):not(.wpbs-selected-last) .wpbs-legend-item-icon[data-type=\"split\"] div svg, .wpbs-main-wrapper:not(.wpbs-main-wrapper-form-0) .wpbs-enable-hover .wpbs-date-selected:hover:not(.wpbs-selected-first):not(.wpbs-selected-last) .wpbs-legend-item-icon[data-type=\"split\"] div svg, .wpbs-main-wrapper:not(.wpbs-main-wrapper-form-0) .wpbs-date-selected .wpbs-legend-item-icon .wpbs-legend-icon-select svg { fill: #5aa7dd; }<\/style><div class=\"wpbs-container-loaded\" data-just-loaded=\"1\"><\/div><\/div><\/div>\n\n\n\n<figure class=\"wp-block-table\"><table class=\"has-fixed-layout\"><tbody><tr><td><strong>Urlaubszeit<\/strong><\/td><td><strong>Preis pro Nacht<\/strong><\/td><td><strong>Mindestreisezeit<\/strong><\/td><td><strong>Bemerkung<\/strong><\/td><\/tr><tr><td><strong>Kuschelzeit<\/strong><br>04.01.-28.02.<\/td><td>85 \u20ac f\u00fcr vier Personen<br>jede weitere Person 10 \u20ac<\/td><td>4 \u00dcbernachtungen<\/td><td>Anreise jeden Tag m\u00f6glich<\/td><\/tr><tr><td><strong>Fr\u00fchlingserwachen<\/strong><br>01.03.-30.04.<\/td><td>90 \u20ac f\u00fcr vier Personen<br>jede weitere Person 10 \u20ac<\/td><td>4 \u00dcbernachtungen<\/td><td>Anreise jeden Tag m\u00f6glich<\/td><\/tr><tr><td><strong>Anbaden<\/strong><br>01.05.-31.05.<\/td><td>100 \u20ac f\u00fcr vier Personen<br>jede weitere Person 10\u20ac<\/td><td>5 \u00dcbernachtungen<\/td><td>Anreise jeden Tag m\u00f6glich<\/td><\/tr><tr><td><strong>Fr\u00fchsommer<\/strong><br>01.-30.06.<br><\/td><td>120 \u20ac f\u00fcr vier Personen, jede weitere Person 10 \u20ac<\/td><td>5 \u00dcbernachtungen<\/td><td>Anreise jeden Tag m\u00f6glich<\/td><\/tr><tr><td><strong>Badezeit<\/strong><br>01.07.-31.08.<\/td><td>190 \u20ac f\u00fcr 8 Personen<\/td><td>7 \u00dcbernachtungen<\/td><td>Anreise jeden Tag m\u00f6glich<\/td><\/tr><tr><td><strong>Abbaden<\/strong><br>01.09.-30.09.<\/td><td>100 \u20ac f\u00fcr vier Personen, jede weitere Person 10 \u20ac<\/td><td>5 \u00dcbernachtungen<\/td><td>Anreise jeden Tag m\u00f6glich<\/td><\/tr><tr><td><strong>Buchenlaub<\/strong><br>01.10.-31.10.<\/td><td>90 \u20ac f\u00fcr vier Personen,<br>jede weitere Person 10 \u20ac<\/td><td>4 \u00dcbernachtungen<\/td><td>Anreise jeden Tag m\u00f6glich<\/td><\/tr><tr><td><strong>Kuschelzeit<\/strong><br>01.11.-22.12.<\/td><td>85 \u20ac f\u00fcr vier Personen,<br>jede weitere Person 10 \u20ac<\/td><td>4 \u00dcbernachtungen<\/td><td>Anreise jeden Tag m\u00f6glich<\/td><\/tr><tr><td><strong>Weihnachten<\/strong><br>22.12.-28.12.<\/td><td>90 \u20ac f\u00fcr vier Personen, jede weitere Person 10\u20ac<\/td><td>4 \u00dcbernachtungen<\/td><td>Anreise jeden Tag m\u00f6glich<\/td><\/tr><tr><td><strong>Silvester<\/strong><\/td><td>190 \u20ac f\u00fcr 8 Personen<\/td><td>4 \u00dcbernachtungen<\/td><td>Anreise jeden Tag m\u00f6glich<\/td><\/tr><\/tbody><\/table><\/figure>\n\n\n\n<p class=\"has-medium-font-size\">Die Preise sind inklusiv Heizung, Wasser, Strom, WLAN, Sky, Stellplatz, Starterset an K\u00fcchen- und Toilettenartikeln, Handseife, Geschirrtuch und -lappen, Reinigungsmittel, Gew\u00fcrze. F\u00f6ne sind in den B\u00e4dern vorhanden.<\/p>\n\n\n\n<p class=\"has-medium-font-size\"><strong>Hinzu kommt:<\/strong><\/p>\n\n\n\n<p class=\"has-medium-font-size\">Endreinigung in H\u00f6he von 230 \u20ac. Das optionale W\u00e4schepaket, pro Gast 21 \u20ac (Bettw\u00e4sche, jeweils ein Hand- und Duschtuch, Badematten).<\/p>\n\n\n\n<p class=\"has-medium-font-size\">Sollte Sie eine Fellnase begleiten, so berechnen wir f\u00fcr pro Hund 50 \u20ac pro Aufenthalt.<\/p>\n\n\n\n<p><strong><a href=\"https:\/\/8erwassereck.de\/?page_id=204\" data-type=\"page\" data-id=\"204\">Hier geht\u00b4s zur Anfrage<\/a><\/strong><\/p>\n\n\n\n<p><\/p>\n","protected":false},"excerpt":{"rendered":"<p>Die rot markierten Zeiten sind leider schon belegt. Urlaubszeit Preis pro Nacht Mindestreisezeit Bemerkung Kuschelzeit04.01.-28.02. 85 \u20ac f\u00fcr vier Personenjede<\/p>\n","protected":false},"author":1,"featured_media":41,"parent":0,"menu_order":0,"comment_status":"closed","ping_status":"closed","template":"","meta":{"footnotes":""},"class_list":["post-77","page","type-page","status-publish","has-post-thumbnail","hentry"],"_links":{"self":[{"href":"https:\/\/8erwassereck.de\/index.php?rest_route=\/wp\/v2\/pages\/77","targetHints":{"allow":["GET"]}}],"collection":[{"href":"https:\/\/8erwassereck.de\/index.php?rest_route=\/wp\/v2\/pages"}],"about":[{"href":"https:\/\/8erwassereck.de\/index.php?rest_route=\/wp\/v2\/types\/page"}],"author":[{"embeddable":true,"href":"https:\/\/8erwassereck.de\/index.php?rest_route=\/wp\/v2\/users\/1"}],"replies":[{"embeddable":true,"href":"https:\/\/8erwassereck.de\/index.php?rest_route=%2Fwp%2Fv2%2Fcomments&post=77"}],"version-history":[{"count":16,"href":"https:\/\/8erwassereck.de\/index.php?rest_route=\/wp\/v2\/pages\/77\/revisions"}],"predecessor-version":[{"id":407,"href":"https:\/\/8erwassereck.de\/index.php?rest_route=\/wp\/v2\/pages\/77\/revisions\/407"}],"wp:featuredmedia":[{"embeddable":true,"href":"https:\/\/8erwassereck.de\/index.php?rest_route=\/wp\/v2\/media\/41"}],"wp:attachment":[{"href":"https:\/\/8erwassereck.de\/index.php?rest_route=%2Fwp%2Fv2%2Fmedia&parent=77"}],"curies":[{"name":"wp","href":"https:\/\/api.w.org\/{rel}","templated":true}]}}